{"id":11,"date":"2025-07-26T22:52:13","date_gmt":"2025-07-26T22:52:13","guid":{"rendered":"https:\/\/filadelfiawodzislaw.pl\/?page_id=11"},"modified":"2025-08-16T21:51:11","modified_gmt":"2025-08-16T21:51:11","slug":"strona-glowna","status":"publish","type":"page","link":"https:\/\/filadelfiawodzislaw.pl\/","title":{"rendered":""},"content":{"rendered":"\t\t<div data-elementor-type=\"wp-page\" data-elementor-id=\"11\" class=\"elementor elementor-11\">\n\t\t\t\t<div class=\"elementor-element elementor-element-66c38c9 e-flex e-con-boxed e-con e-parent\" data-id=\"66c38c9\" data-element_type=\"container\">\n\t\t\t\t\t<div class=\"e-con-inner\">\n\t\t\t\t<div class=\"elementor-element elementor-element-13354aa elementor-widget elementor-widget-heading\" data-id=\"13354aa\" data-element_type=\"widget\" data-widget_type=\"heading.default\">\n\t\t\t\t\t<h2 class=\"elementor-heading-title elementor-size-default\">Podoba Ci si\u0119 to co robimy? Wesprzyj nas<br><\/h2>\t\t\t\t<\/div>\n\t\t\t\t\t<\/div>\n\t\t\t\t<\/div>\n\t\t<div class=\"elementor-element elementor-element-2926dc7 e-flex e-con-boxed e-con e-parent\" data-id=\"2926dc7\" data-element_type=\"container\">\n\t\t\t\t\t<div class=\"e-con-inner\">\n\t\t<div class=\"elementor-element elementor-element-351487d e-con-full e-flex e-con e-child\" data-id=\"351487d\" data-element_type=\"container\" data-settings=\"{&quot;background_background&quot;:&quot;classic&quot;}\">\n\t\t\t\t<div class=\"elementor-element elementor-element-1808ce0 elementor-widget elementor-widget-heading\" data-id=\"1808ce0\" data-element_type=\"widget\" data-widget_type=\"heading.default\">\n\t\t\t\t\t<h2 class=\"elementor-heading-title elementor-size-default\">P\u0142atno\u015b\u0107 online<\/h2>\t\t\t\t<\/div>\n\t\t\t\t<div class=\"elementor-element elementor-element-0116264 elementor-widget elementor-widget-text-editor\" data-id=\"0116264\" data-element_type=\"widget\" data-widget_type=\"text-editor.default\">\n\t\t\t\t\t\t\t\t\t<p>(blik lub przelew z rachunku)<\/p>\t\t\t\t\t\t\t\t<\/div>\n\t\t\t\t<div class=\"elementor-element elementor-element-678098a elementor-widget elementor-widget-html\" data-id=\"678098a\" data-element_type=\"widget\" data-widget_type=\"html.default\">\n\t\t\t\t\t<style>\n  .payment-form {\n    max-width: 225px;\n    margin: 2px auto;\n    padding: 5px;\n    border-radius: 10px;\n    font-family: \"Segoe UI\", sans-serif;\n    background: #151515;\n    color: white;\n    text-align: center;\n  }\n\n  .payment-form label {\n    display: block;\n    margin-bottom: 8px;\n    font-weight: 500;\n    color: #ffffff;\n    text-align: center;\n  }\n\n  .payment-form input[type=\"text\"],\n  .payment-form input[type=\"number\"] {\n    width: 100%;\n    padding: 10px 14px;\n    margin-bottom: 2px;\n    border: 1px solid #ffffff;\n    border-radius: 6px;\n    font-size: 16px;\n    box-sizing: border-box;\n    background-color: #1e1e1e;\n    color: #ffffff;\n    text-align: left;\n  }\n  \n  .elementor-button:disabled,\n.elementor-button.disabled {\n  opacity: 0.5;\n  pointer-events: none;\n  cursor: not-allowed;\n}\n\n  .payment-form input[type=\"text\"]::placeholder {\n    color: #bbbbbb;\n  }\n\n  .payment-form input[type=\"text\"]:focus,\n  .payment-form input[type=\"number\"]:focus {\n    border-color: #2a2a2a; \/* ciemniejszy szary *\/\n    outline: none;\n  }\n<\/style>\n\n<form class=\"payment-form\" action=\"tpay\/payment.php\" method=\"POST\" accept-charset=\"utf-8\">\n  <input type=\"text\" name=\"kwota\" id=\"amount\" placeholder=\"Wpisz kwot\u0119 w PLN\" required pattern=\"[-+]?[0-9]*[.,]?[0-9]+\">\n  <!-- U\u017cyj osobno przycisku Elementor pod formularzem -->\n<\/form>\n\n<script>\n  function isValidAmount(value) {\n    const normalized = value.replace(',', '.');\n    return \/^[0-9]+([.,][0-9]{1,2})?$\/.test(value) && parseFloat(normalized) > 0;\n  }\n\n  document.addEventListener('DOMContentLoaded', function () {\n    const amountInput = document.getElementById('amount');\n    const elementorButton = document.querySelector('.elementor-button');\n    const form = document.querySelector('.payment-form');\n\n    function updateButtonState() {\n      const value = amountInput.value.trim();\n      if (isValidAmount(value)) {\n        elementorButton.classList.remove('disabled');\n        elementorButton.removeAttribute('disabled');\n      } else {\n        elementorButton.classList.add('disabled');\n        elementorButton.setAttribute('disabled', 'disabled');\n      }\n    }\n\n    if (amountInput && elementorButton) {\n      updateButtonState(); \/\/ Ustaw stan pocz\u0105tkowy\n      amountInput.addEventListener('input', function (e) {\n        const cleaned = e.target.value.replace(\/[^0-9.,]\/g, '');\n        if (e.target.value !== cleaned) {\n          e.target.value = cleaned;\n        }\n        updateButtonState();\n      });\n\n      elementorButton.addEventListener('click', function (e) {\n        e.preventDefault();\n        if (!elementorButton.classList.contains('disabled')) {\n          form.submit();\n        }\n      });\n    }\n  });\n<\/script>\n\t\t\t\t<\/div>\n\t\t\t\t<div class=\"elementor-element elementor-element-5e64f49 elementor-align-center my-payment-button elementor-widget elementor-widget-button\" data-id=\"5e64f49\" data-element_type=\"widget\" data-widget_type=\"button.default\">\n\t\t\t\t\t\t\t\t\t\t<a class=\"elementor-button elementor-button-link elementor-size-sm\" href=\"https:\/\/secure.tpay.com\/\" target=\"_blank\">\n\t\t\t\t\t\t<span class=\"elementor-button-content-wrapper\">\n\t\t\t\t\t\t<span class=\"elementor-button-icon\">\n\t\t\t\t<svg aria-hidden=\"true\" class=\"e-font-icon-svg e-fas-arrow-right\" viewBox=\"0 0 448 512\" xmlns=\"http:\/\/www.w3.org\/2000\/svg\"><path d=\"M190.5 66.9l22.2-22.2c9.4-9.4 24.6-9.4 33.9 0L441 239c9.4 9.4 9.4 24.6 0 33.9L246.6 467.3c-9.4 9.4-24.6 9.4-33.9 0l-22.2-22.2c-9.5-9.5-9.3-25 .4-34.3L311.4 296H24c-13.3 0-24-10.7-24-24v-32c0-13.3 10.7-24 24-24h287.4L190.9 101.2c-9.8-9.3-10-24.8-.4-34.3z\"><\/path><\/svg>\t\t\t<\/span>\n\t\t\t\t\t\t\t\t\t<span class=\"elementor-button-text\">Przejd\u017a do p\u0142atno\u015bci<\/span>\n\t\t\t\t\t<\/span>\n\t\t\t\t\t<\/a>\n\t\t\t\t\t\t\t\t<\/div>\n\t\t\t\t<\/div>\n\t\t<div class=\"elementor-element elementor-element-974a878 e-con-full e-flex e-con e-child\" data-id=\"974a878\" data-element_type=\"container\" data-settings=\"{&quot;background_background&quot;:&quot;classic&quot;}\">\n\t\t\t\t<div class=\"elementor-element elementor-element-302570b elementor-widget elementor-widget-heading\" data-id=\"302570b\" data-element_type=\"widget\" data-widget_type=\"heading.default\">\n\t\t\t\t\t<h2 class=\"elementor-heading-title elementor-size-default\">P\u0142atno\u015b\u0107 PayPal<\/h2>\t\t\t\t<\/div>\n\t\t\t\t<div class=\"elementor-element elementor-element-446454d elementor-align-center elementor-widget elementor-widget-button\" data-id=\"446454d\" data-element_type=\"widget\" data-widget_type=\"button.default\">\n\t\t\t\t\t\t\t\t\t\t<a class=\"elementor-button elementor-button-link elementor-size-sm\" href=\"https:\/\/www.paypal.com\/donate\/?hosted_button_id=JB8K4QJ6VKYDG\" target=\"_blank\">\n\t\t\t\t\t\t<span class=\"elementor-button-content-wrapper\">\n\t\t\t\t\t\t<span class=\"elementor-button-icon\">\n\t\t\t\t<svg aria-hidden=\"true\" class=\"e-font-icon-svg e-fas-arrow-right\" viewBox=\"0 0 448 512\" xmlns=\"http:\/\/www.w3.org\/2000\/svg\"><path d=\"M190.5 66.9l22.2-22.2c9.4-9.4 24.6-9.4 33.9 0L441 239c9.4 9.4 9.4 24.6 0 33.9L246.6 467.3c-9.4 9.4-24.6 9.4-33.9 0l-22.2-22.2c-9.5-9.5-9.3-25 .4-34.3L311.4 296H24c-13.3 0-24-10.7-24-24v-32c0-13.3 10.7-24 24-24h287.4L190.9 101.2c-9.8-9.3-10-24.8-.4-34.3z\"><\/path><\/svg>\t\t\t<\/span>\n\t\t\t\t\t\t\t\t\t<span class=\"elementor-button-text\">Przejd\u017a do p\u0142atno\u015bci PayPal<\/span>\n\t\t\t\t\t<\/span>\n\t\t\t\t\t<\/a>\n\t\t\t\t\t\t\t\t<\/div>\n\t\t\t\t<\/div>\n\t\t<div class=\"elementor-element elementor-element-277e755 e-con-full e-flex e-con e-child\" data-id=\"277e755\" data-element_type=\"container\" data-settings=\"{&quot;background_background&quot;:&quot;classic&quot;}\">\n\t\t\t\t<div class=\"elementor-element elementor-element-2fecaf7 elementor-widget__width-inherit elementor-widget elementor-widget-heading\" data-id=\"2fecaf7\" data-element_type=\"widget\" data-widget_type=\"heading.default\">\n\t\t\t\t\t<h2 class=\"elementor-heading-title elementor-size-default\">Przelew bankowy<\/h2>\t\t\t\t<\/div>\n\t\t\t\t<div class=\"elementor-element elementor-element-a7fb28e elementor-widget elementor-widget-text-editor\" data-id=\"a7fb28e\" data-element_type=\"widget\" data-widget_type=\"text-editor.default\">\n\t\t\t\t\t\t\t\t\t<p>Ko\u015bci\u00f3\u0142 Zielono\u015bwi\u0105tkowy<\/p><p>ul. G\u00f3rna 8\u202844-300 Wodzis\u0142aw \u015al\u0105ski<\/p>\t\t\t\t\t\t\t\t<\/div>\n\t\t\t\t<div class=\"elementor-element elementor-element-ddcc0b4 elementor-widget elementor-widget-text-editor\" data-id=\"ddcc0b4\" data-element_type=\"widget\" data-widget_type=\"text-editor.default\">\n\t\t\t\t\t\t\t\t\t<p><strong>Numer Konta 08 1020 1390 0000 6202 0212 1408<\/strong><\/p>\t\t\t\t\t\t\t\t<\/div>\n\t\t\t\t<\/div>\n\t\t\t\t\t<\/div>\n\t\t\t\t<\/div>\n\t\t<div class=\"elementor-element elementor-element-9308609 e-flex e-con-boxed e-con e-parent\" data-id=\"9308609\" data-element_type=\"container\">\n\t\t\t\t\t<div class=\"e-con-inner\">\n\t\t\t\t<div class=\"elementor-element elementor-element-8457844 elementor-widget elementor-widget-heading\" data-id=\"8457844\" data-element_type=\"widget\" data-widget_type=\"heading.default\">\n\t\t\t\t\t<h2 class=\"elementor-heading-title elementor-size-default\">Kontakt<\/h2>\t\t\t\t<\/div>\n\t\t\t\t\t<\/div>\n\t\t\t\t<\/div>\n\t\t<div class=\"elementor-element elementor-element-6c273ca e-grid e-con-boxed e-con e-parent\" data-id=\"6c273ca\" data-element_type=\"container\">\n\t\t\t\t\t<div class=\"e-con-inner\">\n\t\t<div class=\"elementor-element elementor-element-e6a37bf e-flex e-con-boxed e-con e-child\" data-id=\"e6a37bf\" data-element_type=\"container\">\n\t\t\t\t\t<div class=\"e-con-inner\">\n\t\t\t\t<div class=\"elementor-element elementor-element-9dba75f elementor-widget elementor-widget-image\" data-id=\"9dba75f\" data-element_type=\"widget\" data-widget_type=\"image.default\">\n\t\t\t\t\t\t\t\t\t\t\t\t\t\t\t<img decoding=\"async\" width=\"25\" height=\"25\" src=\"https:\/\/filadelfiawodzislaw.pl\/wp-content\/uploads\/2025\/07\/samolot_wyslij.png\" class=\"attachment-large size-large wp-image-72\" alt=\"\" \/>\t\t\t\t\t\t\t\t\t\t\t\t\t\t\t<\/div>\n\t\t<div class=\"elementor-element elementor-element-aa6c21a e-con-full e-flex e-con e-child\" data-id=\"aa6c21a\" data-element_type=\"container\">\n\t\t\t\t<div class=\"elementor-element elementor-element-581ba16 elementor-widget elementor-widget-heading\" data-id=\"581ba16\" data-element_type=\"widget\" data-widget_type=\"heading.default\">\n\t\t\t\t\t<h2 class=\"elementor-heading-title elementor-size-default\">Potrzebujesz modlitwy?<\/h2>\t\t\t\t<\/div>\n\t\t\t\t<div class=\"elementor-element elementor-element-94f0c5d elementor-widget elementor-widget-text-editor\" data-id=\"94f0c5d\" data-element_type=\"widget\" data-widget_type=\"text-editor.default\">\n\t\t\t\t\t\t\t\t\t<p>Napisz wiadomo\u015b\u0107:<br \/><a href=\"mailto:modlitwy@filadelfia.org.pl\">modlitwy@filadelfia.org.pl<\/a><\/p>\t\t\t\t\t\t\t\t<\/div>\n\t\t\t\t<\/div>\n\t\t\t\t\t<\/div>\n\t\t\t\t<\/div>\n\t\t<div class=\"elementor-element elementor-element-3f321a6 e-con-full e-flex e-con e-child\" data-id=\"3f321a6\" data-element_type=\"container\">\n\t\t\t\t<div class=\"elementor-element elementor-element-66033ae elementor-widget elementor-widget-image\" data-id=\"66033ae\" data-element_type=\"widget\" data-widget_type=\"image.default\">\n\t\t\t\t\t\t\t\t\t\t\t\t\t\t\t<img decoding=\"async\" width=\"25\" height=\"25\" src=\"https:\/\/filadelfiawodzislaw.pl\/wp-content\/uploads\/2025\/07\/samolot_wyslij.png\" class=\"attachment-large size-large wp-image-72\" alt=\"\" \/>\t\t\t\t\t\t\t\t\t\t\t\t\t\t\t<\/div>\n\t\t<div class=\"elementor-element elementor-element-8672e1b e-con-full e-flex e-con e-child\" data-id=\"8672e1b\" data-element_type=\"container\">\n\t\t\t\t<div class=\"elementor-element elementor-element-7817d51 elementor-widget elementor-widget-heading\" data-id=\"7817d51\" data-element_type=\"widget\" data-widget_type=\"heading.default\">\n\t\t\t\t\t<h2 class=\"elementor-heading-title elementor-size-default\">Masz pytania?<\/h2>\t\t\t\t<\/div>\n\t\t\t\t<div class=\"elementor-element elementor-element-f92d08c elementor-widget elementor-widget-text-editor\" data-id=\"f92d08c\" data-element_type=\"widget\" data-widget_type=\"text-editor.default\">\n\t\t\t\t\t\t\t\t\tSkontaktuj si\u0119 z Nami:\n<a href=\"mailto:kontakt@filadelfia.org.pl\">kontakt@filadelfia.org.pl<\/a>\t\t\t\t\t\t\t\t<\/div>\n\t\t\t\t<\/div>\n\t\t\t\t<\/div>\n\t\t<div class=\"elementor-element elementor-element-0afb44a e-con-full e-flex e-con e-child\" data-id=\"0afb44a\" data-element_type=\"container\">\n\t\t\t\t<div class=\"elementor-element elementor-element-f39662b elementor-widget elementor-widget-image\" data-id=\"f39662b\" data-element_type=\"widget\" data-widget_type=\"image.default\">\n\t\t\t\t\t\t\t\t\t\t\t\t\t\t\t<img decoding=\"async\" width=\"25\" height=\"25\" src=\"https:\/\/filadelfiawodzislaw.pl\/wp-content\/uploads\/2025\/07\/samolot_wyslij.png\" class=\"attachment-large size-large wp-image-72\" alt=\"\" \/>\t\t\t\t\t\t\t\t\t\t\t\t\t\t\t<\/div>\n\t\t<div class=\"elementor-element elementor-element-a7ebe2b e-con-full e-flex e-con e-child\" data-id=\"a7ebe2b\" data-element_type=\"container\">\n\t\t\t\t<div class=\"elementor-element elementor-element-e9de0b7 elementor-widget elementor-widget-heading\" data-id=\"e9de0b7\" data-element_type=\"widget\" data-widget_type=\"heading.default\">\n\t\t\t\t\t<h2 class=\"elementor-heading-title elementor-size-default\">Potrzebujesz rozmowy?<\/h2>\t\t\t\t<\/div>\n\t\t\t\t<div class=\"elementor-element elementor-element-f3f7af7 elementor-widget elementor-widget-text-editor\" data-id=\"f3f7af7\" data-element_type=\"widget\" data-widget_type=\"text-editor.default\">\n\t\t\t\t\t\t\t\t\tSkontaktuj si\u0119 z Pastorem:\n<a href=\"mailto:pastor@filadelfia.org.pl\">pastor@filadelfia.org.pl<\/a>\t\t\t\t\t\t\t\t<\/div>\n\t\t\t\t<\/div>\n\t\t\t\t<\/div>\n\t\t<div class=\"elementor-element elementor-element-375609b e-con-full e-flex e-con e-child\" data-id=\"375609b\" data-element_type=\"container\">\n\t\t\t\t<\/div>\n\t\t\t\t\t<\/div>\n\t\t\t\t<\/div>\n\t\t<div class=\"elementor-element elementor-element-f068bb0 e-flex e-con-boxed e-con e-parent\" data-id=\"f068bb0\" data-element_type=\"container\">\n\t\t\t\t\t<div class=\"e-con-inner\">\n\t\t\t\t<div class=\"elementor-element elementor-element-95f6fb3 elementor-widget elementor-widget-image\" data-id=\"95f6fb3\" data-element_type=\"widget\" data-widget_type=\"image.default\">\n\t\t\t\t\t\t\t\t\t\t\t\t\t\t\t<img decoding=\"async\" width=\"57\" height=\"57\" src=\"https:\/\/filadelfiawodzislaw.pl\/wp-content\/uploads\/2025\/07\/Vector.png\" class=\"attachment-large size-large wp-image-43\" alt=\"\" \/>\t\t\t\t\t\t\t\t\t\t\t\t\t\t\t<\/div>\n\t\t\t\t<div class=\"elementor-element elementor-element-790d646 elementor-widget elementor-widget-text-editor\" data-id=\"790d646\" data-element_type=\"widget\" data-widget_type=\"text-editor.default\">\n\t\t\t\t\t\t\t\t\t<p>Nasza strona jest w trakcie zmian<br \/>Nied\u0142ugo pojawi si\u0119 w <strong>NOWEJ WERSJI<\/strong><\/p>\t\t\t\t\t\t\t\t<\/div>\n\t\t\t\t\t<\/div>\n\t\t\t\t<\/div>\n\t\t\t\t<\/div>\n\t\t","protected":false},"excerpt":{"rendered":"<p>Podoba Ci si\u0119 to co robimy? Wesprzyj nas P\u0142atno\u015b\u0107 online (blik lub przelew z rachunku) Przejd\u017a do p\u0142atno\u015bci P\u0142atno\u015b\u0107 PayPal Przejd\u017a do p\u0142atno\u015bci PayPal Przelew bankowy Ko\u015bci\u00f3\u0142 Zielono\u015bwi\u0105tkowy ul. G\u00f3rna 8\u202844-300 Wodzis\u0142aw \u015al\u0105ski Numer Konta 08 1020 1390 0000 6202 0212 1408 Kontakt Potrzebujesz modlitwy? Napisz wiadomo\u015b\u0107:modlitwy@filadelfia.org.pl Masz pytania? Skontaktuj si\u0119 z Nami: kontakt@filadelfia.org.pl Potrzebujesz [&hellip;]<\/p>\n","protected":false},"author":1,"featured_media":0,"parent":0,"menu_order":0,"comment_status":"closed","ping_status":"closed","template":"","meta":{"footnotes":""},"class_list":["post-11","page","type-page","status-publish","hentry"],"blocksy_meta":[],"_links":{"self":[{"href":"https:\/\/filadelfiawodzislaw.pl\/index.php\/wp-json\/wp\/v2\/pages\/11","targetHints":{"allow":["GET"]}}],"collection":[{"href":"https:\/\/filadelfiawodzislaw.pl\/index.php\/wp-json\/wp\/v2\/pages"}],"about":[{"href":"https:\/\/filadelfiawodzislaw.pl\/index.php\/wp-json\/wp\/v2\/types\/page"}],"author":[{"embeddable":true,"href":"https:\/\/filadelfiawodzislaw.pl\/index.php\/wp-json\/wp\/v2\/users\/1"}],"replies":[{"embeddable":true,"href":"https:\/\/filadelfiawodzislaw.pl\/index.php\/wp-json\/wp\/v2\/comments?post=11"}],"version-history":[{"count":131,"href":"https:\/\/filadelfiawodzislaw.pl\/index.php\/wp-json\/wp\/v2\/pages\/11\/revisions"}],"predecessor-version":[{"id":176,"href":"https:\/\/filadelfiawodzislaw.pl\/index.php\/wp-json\/wp\/v2\/pages\/11\/revisions\/176"}],"wp:attachment":[{"href":"https:\/\/filadelfiawodzislaw.pl\/index.php\/wp-json\/wp\/v2\/media?parent=11"}],"curies":[{"name":"wp","href":"https:\/\/api.w.org\/{rel}","templated":true}]}}